{"id":6494,"date":"2026-01-19T01:39:04","date_gmt":"2026-01-18T23:39:04","guid":{"rendered":"https:\/\/hho-bulgaria.com\/?post_type=product&#038;p=6494"},"modified":"2021-11-05T23:23:22","modified_gmt":"2021-11-05T21:23:22","slug":"%d0%b0gent-antispuma-antifoaming-agent","status":"publish","type":"product","link":"https:\/\/hho-bulgaria.com\/ro\/produs\/%d0%b0gent-antispuma-antifoaming-agent\/","title":{"rendered":"\u0410gent Antispum\u0103 \/ Antifoaming Agent"},"content":{"rendered":"<h2>ANTISPUMANT \/ Agent antispumant<\/h2>\n<p>ANTISPUMANT \/ Agentul antispumant se adaug\u0103 la barbotatorul de cur\u0103\u021bare cu hidrogen a arderilor de gaze \u0219i la aparatele cu flac\u0103r\u0103 cu gaz de hidrogen pentru a preveni formarea spumei.<\/p>\n<p><strong>Cantitatea care se adaug\u0103 este de c\u00e2teva pic\u0103turi.<br \/>\n<\/strong>Dup\u0103 un timp, dac\u0103 apare din nou spuma, trebuie schimbat\u0103 solu\u021bia de lucru \u00een barbotator \u0219i se adaug\u0103 din nou c\u00e2teva pic\u0103turi de antispumant.<\/p>\n<p><strong>Cantitate:<\/strong> 100 ml<br \/>\nDe culoare alb\u0103<\/p>\n<p><strong>Agent antispumant<\/strong><br \/>\nAgentul antispumant se adaug\u0103 \u00een barbotatorul dispozitivelor HHO France WS, HHO France 10, HHO France 15 \u0219i HHOFranceB1 pentru a preveni formarea spumei.<\/p>\n","protected":false},"excerpt":{"rendered":"<p>AGENT ANTISPUM\u0102 se adaug\u0103 la barbotorul aparatului de decarbonizare cu hidrogen pentru a opri formarea spumei.<\/p>\n","protected":false},"featured_media":6362,"template":"","meta":{"_acf_changed":false},"product_brand":[],"product_cat":[99],"product_tag":[],"class_list":{"0":"post-6494","1":"product","2":"type-product","3":"status-publish","4":"has-post-thumbnail","6":"product_cat-altele","8":"first","9":"instock","10":"purchasable","11":"product-type-simple"},"acf":[],"yoast_head":"<!-- This site is optimized with the Yoast SEO plugin v27.3 - https:\/\/yoast.com\/product\/yoast-seo-wordpress\/ -->\n<title>\u0410gent Antispum\u0103 \/ Antifoaming Agent &#187; HHO Bulgaria<\/title>\n<meta name=\"robots\" content=\"index, follow, max-snippet:-1, max-image-preview:large, max-video-preview:-1\" \/>\n<link rel=\"canonical\" href=\"https:\/\/hho-bulgaria.com\/ro\/produs\/%d0%b0gent-antispuma-antifoaming-agent\/\" \/>\n<meta property=\"og:locale\" content=\"ro_RO\" \/>\n<meta property=\"og:type\" content=\"article\" \/>\n<meta property=\"og:title\" content=\"\u0410gent Antispum\u0103 \/ Antifoaming Agent &#187; HHO Bulgaria\" \/>\n<meta property=\"og:description\" content=\"AGENT ANTISPUM\u0102 se adaug\u0103 la barbotorul aparatului de decarbonizare cu hidrogen pentru a opri formarea spumei.\" \/>\n<meta property=\"og:url\" content=\"https:\/\/hho-bulgaria.com\/ro\/produs\/%d0%b0gent-antispuma-antifoaming-agent\/\" \/>\n<meta property=\"og:site_name\" content=\"HHO Bulgaria\" \/>\n<meta property=\"article:publisher\" content=\"https:\/\/www.facebook.com\/HHOBulgaria\/\" \/>\n<meta property=\"og:image\" content=\"https:\/\/hho-bulgaria.com\/wp-content\/uploads\/2021\/05\/Antifoaming-Agent-HHO-Bulgaria-af_1.jpg\" \/>\n\t<meta property=\"og:image:width\" content=\"1080\" \/>\n\t<meta property=\"og:image:height\" content=\"1080\" \/>\n\t<meta property=\"og:image:type\" content=\"image\/jpeg\" \/>\n<meta name=\"twitter:card\" content=\"summary_large_image\" \/>\n<meta name=\"twitter:label1\" content=\"Timp estimat pentru citire\" \/>\n\t<meta name=\"twitter:data1\" content=\"1 minut\" \/>\n<script type=\"application\/ld+json\" class=\"yoast-schema-graph\">{\"@context\":\"https:\\\/\\\/schema.org\",\"@graph\":[{\"@type\":\"WebPage\",\"@id\":\"https:\\\/\\\/hho-bulgaria.com\\\/ro\\\/produs\\\/%d0%b0gent-antispuma-antifoaming-agent\\\/\",\"url\":\"https:\\\/\\\/hho-bulgaria.com\\\/ro\\\/produs\\\/%d0%b0gent-antispuma-antifoaming-agent\\\/\",\"name\":\"\u0410gent Antispum\u0103 \\\/ Antifoaming Agent &#187; HHO Bulgaria\",\"isPartOf\":{\"@id\":\"https:\\\/\\\/hho-bulgaria.com\\\/ro\\\/#website\"},\"primaryImageOfPage\":{\"@id\":\"https:\\\/\\\/hho-bulgaria.com\\\/ro\\\/produs\\\/%d0%b0gent-antispuma-antifoaming-agent\\\/#primaryimage\"},\"image\":{\"@id\":\"https:\\\/\\\/hho-bulgaria.com\\\/ro\\\/produs\\\/%d0%b0gent-antispuma-antifoaming-agent\\\/#primaryimage\"},\"thumbnailUrl\":\"https:\\\/\\\/hho-bulgaria.com\\\/wp-content\\\/uploads\\\/2021\\\/05\\\/Antifoaming-Agent-HHO-Bulgaria-af_1.jpg\",\"datePublished\":\"2026-01-18T23:39:04+00:00\",\"breadcrumb\":{\"@id\":\"https:\\\/\\\/hho-bulgaria.com\\\/ro\\\/produs\\\/%d0%b0gent-antispuma-antifoaming-agent\\\/#breadcrumb\"},\"inLanguage\":\"ro-RO\",\"potentialAction\":[{\"@type\":\"ReadAction\",\"target\":[\"https:\\\/\\\/hho-bulgaria.com\\\/ro\\\/produs\\\/%d0%b0gent-antispuma-antifoaming-agent\\\/\"]}]},{\"@type\":\"ImageObject\",\"inLanguage\":\"ro-RO\",\"@id\":\"https:\\\/\\\/hho-bulgaria.com\\\/ro\\\/produs\\\/%d0%b0gent-antispuma-antifoaming-agent\\\/#primaryimage\",\"url\":\"https:\\\/\\\/hho-bulgaria.com\\\/wp-content\\\/uploads\\\/2021\\\/05\\\/Antifoaming-Agent-HHO-Bulgaria-af_1.jpg\",\"contentUrl\":\"https:\\\/\\\/hho-bulgaria.com\\\/wp-content\\\/uploads\\\/2021\\\/05\\\/Antifoaming-Agent-HHO-Bulgaria-af_1.jpg\",\"width\":1080,\"height\":1080},{\"@type\":\"BreadcrumbList\",\"@id\":\"https:\\\/\\\/hho-bulgaria.com\\\/ro\\\/produs\\\/%d0%b0gent-antispuma-antifoaming-agent\\\/#breadcrumb\",\"itemListElement\":[{\"@type\":\"ListItem\",\"position\":1,\"name\":\"\u041d\u0430\u0447\u0430\u043b\u043e\",\"item\":\"https:\\\/\\\/hho-bulgaria.com\\\/ro\\\/hho-bulgaria\\\/\"},{\"@type\":\"ListItem\",\"position\":2,\"name\":\"Catalog\",\"item\":\"https:\\\/\\\/hho-bulgaria.com\\\/ro\\\/catalog\\\/\"},{\"@type\":\"ListItem\",\"position\":3,\"name\":\"\u0410gent Antispum\u0103 \\\/ Antifoaming Agent\"}]},{\"@type\":\"WebSite\",\"@id\":\"https:\\\/\\\/hho-bulgaria.com\\\/ro\\\/#website\",\"url\":\"https:\\\/\\\/hho-bulgaria.com\\\/ro\\\/\",\"name\":\"HHO Bulgaria\",\"description\":\"\u0413\u0435\u043d\u0435\u0440\u0430\u0442\u043e\u0440 \u043d\u0430 \u0413\u0430\u0437 \u043d\u0430 \u0411\u0440\u0430\u0443\u043d \u0437\u0430 \u0434\u0438\u0437\u0435\u043b\u043e\u0432\u0438 \u0438 \u0431\u0435\u043d\u0437\u0438\u043d\u043e\u0432\u0438 \u0434\u0432\u0438\u0433\u0430\u0442\u0435\u043b\u0438 (\u0432\u043a\u043b\u044e\u0447\u0438\u0442\u0435\u043b\u043d\u043e \u0433\u0430\u0437 \u043f\u0440\u043e\u043f\u0430\u043d-\u0431\u0443\u0442\u0430\u043d \u0438 \u043c\u0435\u0442\u0430\u043d) \u00bb \u0412\u043e\u0434\u043e\u0440\u043e\u0434\u0435\u043d \u0433\u0435\u043d\u0435\u0440\u0430\u0442\u043e\u0440  \u043d\u0430 \u0413\u0430\u0437 \u043d\u0430 \u0411\u0440\u0430\u0443\u043d | HHO \u0433\u0435\u043d\u0435\u0440\u0430\u0442\u043e\u0440, \u043f\u0440\u043e\u0438\u0437\u0432\u0435\u0434\u0435\u043d \u0432 \u0411\u044a\u043b\u0433\u0430\u0440\u0438\u044f\",\"publisher\":{\"@id\":\"https:\\\/\\\/hho-bulgaria.com\\\/ro\\\/#organization\"},\"potentialAction\":[{\"@type\":\"SearchAction\",\"target\":{\"@type\":\"EntryPoint\",\"urlTemplate\":\"https:\\\/\\\/hho-bulgaria.com\\\/ro\\\/?s={search_term_string}\"},\"query-input\":{\"@type\":\"PropertyValueSpecification\",\"valueRequired\":true,\"valueName\":\"search_term_string\"}}],\"inLanguage\":\"ro-RO\"},{\"@type\":\"Organization\",\"@id\":\"https:\\\/\\\/hho-bulgaria.com\\\/ro\\\/#organization\",\"name\":\"HHO Bulgaria\",\"url\":\"https:\\\/\\\/hho-bulgaria.com\\\/ro\\\/\",\"logo\":{\"@type\":\"ImageObject\",\"inLanguage\":\"ro-RO\",\"@id\":\"https:\\\/\\\/hho-bulgaria.com\\\/ro\\\/#\\\/schema\\\/logo\\\/image\\\/\",\"url\":\"https:\\\/\\\/hho-bulgaria.com\\\/wp-content\\\/uploads\\\/2022\\\/02\\\/HHOBG-FB-Profile-2.png\",\"contentUrl\":\"https:\\\/\\\/hho-bulgaria.com\\\/wp-content\\\/uploads\\\/2022\\\/02\\\/HHOBG-FB-Profile-2.png\",\"width\":1080,\"height\":1080,\"caption\":\"HHO Bulgaria\"},\"image\":{\"@id\":\"https:\\\/\\\/hho-bulgaria.com\\\/ro\\\/#\\\/schema\\\/logo\\\/image\\\/\"},\"sameAs\":[\"https:\\\/\\\/www.facebook.com\\\/HHOBulgaria\\\/\",\"https:\\\/\\\/www.youtube.com\\\/channel\\\/UC9d5geU7TFrhO2e7MR6IelA\"]}]}<\/script>\n<!-- \/ Yoast SEO plugin. -->","yoast_head_json":{"title":"\u0410gent Antispum\u0103 \/ Antifoaming Agent &#187; HHO Bulgaria","robots":{"index":"index","follow":"follow","max-snippet":"max-snippet:-1","max-image-preview":"max-image-preview:large","max-video-preview":"max-video-preview:-1"},"canonical":"https:\/\/hho-bulgaria.com\/ro\/produs\/%d0%b0gent-antispuma-antifoaming-agent\/","og_locale":"ro_RO","og_type":"article","og_title":"\u0410gent Antispum\u0103 \/ Antifoaming Agent &#187; HHO Bulgaria","og_description":"AGENT ANTISPUM\u0102 se adaug\u0103 la barbotorul aparatului de decarbonizare cu hidrogen pentru a opri formarea spumei.","og_url":"https:\/\/hho-bulgaria.com\/ro\/produs\/%d0%b0gent-antispuma-antifoaming-agent\/","og_site_name":"HHO Bulgaria","article_publisher":"https:\/\/www.facebook.com\/HHOBulgaria\/","og_image":[{"width":1080,"height":1080,"url":"https:\/\/hho-bulgaria.com\/wp-content\/uploads\/2021\/05\/Antifoaming-Agent-HHO-Bulgaria-af_1.jpg","type":"image\/jpeg"}],"twitter_card":"summary_large_image","twitter_misc":{"Timp estimat pentru citire":"1 minut"},"schema":{"@context":"https:\/\/schema.org","@graph":[{"@type":"WebPage","@id":"https:\/\/hho-bulgaria.com\/ro\/produs\/%d0%b0gent-antispuma-antifoaming-agent\/","url":"https:\/\/hho-bulgaria.com\/ro\/produs\/%d0%b0gent-antispuma-antifoaming-agent\/","name":"\u0410gent Antispum\u0103 \/ Antifoaming Agent &#187; HHO Bulgaria","isPartOf":{"@id":"https:\/\/hho-bulgaria.com\/ro\/#website"},"primaryImageOfPage":{"@id":"https:\/\/hho-bulgaria.com\/ro\/produs\/%d0%b0gent-antispuma-antifoaming-agent\/#primaryimage"},"image":{"@id":"https:\/\/hho-bulgaria.com\/ro\/produs\/%d0%b0gent-antispuma-antifoaming-agent\/#primaryimage"},"thumbnailUrl":"https:\/\/hho-bulgaria.com\/wp-content\/uploads\/2021\/05\/Antifoaming-Agent-HHO-Bulgaria-af_1.jpg","datePublished":"2026-01-18T23:39:04+00:00","breadcrumb":{"@id":"https:\/\/hho-bulgaria.com\/ro\/produs\/%d0%b0gent-antispuma-antifoaming-agent\/#breadcrumb"},"inLanguage":"ro-RO","potentialAction":[{"@type":"ReadAction","target":["https:\/\/hho-bulgaria.com\/ro\/produs\/%d0%b0gent-antispuma-antifoaming-agent\/"]}]},{"@type":"ImageObject","inLanguage":"ro-RO","@id":"https:\/\/hho-bulgaria.com\/ro\/produs\/%d0%b0gent-antispuma-antifoaming-agent\/#primaryimage","url":"https:\/\/hho-bulgaria.com\/wp-content\/uploads\/2021\/05\/Antifoaming-Agent-HHO-Bulgaria-af_1.jpg","contentUrl":"https:\/\/hho-bulgaria.com\/wp-content\/uploads\/2021\/05\/Antifoaming-Agent-HHO-Bulgaria-af_1.jpg","width":1080,"height":1080},{"@type":"BreadcrumbList","@id":"https:\/\/hho-bulgaria.com\/ro\/produs\/%d0%b0gent-antispuma-antifoaming-agent\/#breadcrumb","itemListElement":[{"@type":"ListItem","position":1,"name":"\u041d\u0430\u0447\u0430\u043b\u043e","item":"https:\/\/hho-bulgaria.com\/ro\/hho-bulgaria\/"},{"@type":"ListItem","position":2,"name":"Catalog","item":"https:\/\/hho-bulgaria.com\/ro\/catalog\/"},{"@type":"ListItem","position":3,"name":"\u0410gent Antispum\u0103 \/ Antifoaming Agent"}]},{"@type":"WebSite","@id":"https:\/\/hho-bulgaria.com\/ro\/#website","url":"https:\/\/hho-bulgaria.com\/ro\/","name":"HHO Bulgaria","description":"\u0413\u0435\u043d\u0435\u0440\u0430\u0442\u043e\u0440 \u043d\u0430 \u0413\u0430\u0437 \u043d\u0430 \u0411\u0440\u0430\u0443\u043d \u0437\u0430 \u0434\u0438\u0437\u0435\u043b\u043e\u0432\u0438 \u0438 \u0431\u0435\u043d\u0437\u0438\u043d\u043e\u0432\u0438 \u0434\u0432\u0438\u0433\u0430\u0442\u0435\u043b\u0438 (\u0432\u043a\u043b\u044e\u0447\u0438\u0442\u0435\u043b\u043d\u043e \u0433\u0430\u0437 \u043f\u0440\u043e\u043f\u0430\u043d-\u0431\u0443\u0442\u0430\u043d \u0438 \u043c\u0435\u0442\u0430\u043d) \u00bb \u0412\u043e\u0434\u043e\u0440\u043e\u0434\u0435\u043d \u0433\u0435\u043d\u0435\u0440\u0430\u0442\u043e\u0440  \u043d\u0430 \u0413\u0430\u0437 \u043d\u0430 \u0411\u0440\u0430\u0443\u043d | HHO \u0433\u0435\u043d\u0435\u0440\u0430\u0442\u043e\u0440, \u043f\u0440\u043e\u0438\u0437\u0432\u0435\u0434\u0435\u043d \u0432 \u0411\u044a\u043b\u0433\u0430\u0440\u0438\u044f","publisher":{"@id":"https:\/\/hho-bulgaria.com\/ro\/#organization"},"potentialAction":[{"@type":"SearchAction","target":{"@type":"EntryPoint","urlTemplate":"https:\/\/hho-bulgaria.com\/ro\/?s={search_term_string}"},"query-input":{"@type":"PropertyValueSpecification","valueRequired":true,"valueName":"search_term_string"}}],"inLanguage":"ro-RO"},{"@type":"Organization","@id":"https:\/\/hho-bulgaria.com\/ro\/#organization","name":"HHO Bulgaria","url":"https:\/\/hho-bulgaria.com\/ro\/","logo":{"@type":"ImageObject","inLanguage":"ro-RO","@id":"https:\/\/hho-bulgaria.com\/ro\/#\/schema\/logo\/image\/","url":"https:\/\/hho-bulgaria.com\/wp-content\/uploads\/2022\/02\/HHOBG-FB-Profile-2.png","contentUrl":"https:\/\/hho-bulgaria.com\/wp-content\/uploads\/2022\/02\/HHOBG-FB-Profile-2.png","width":1080,"height":1080,"caption":"HHO Bulgaria"},"image":{"@id":"https:\/\/hho-bulgaria.com\/ro\/#\/schema\/logo\/image\/"},"sameAs":["https:\/\/www.facebook.com\/HHOBulgaria\/","https:\/\/www.youtube.com\/channel\/UC9d5geU7TFrhO2e7MR6IelA"]}]}},"_links":{"self":[{"href":"https:\/\/hho-bulgaria.com\/ro\/wp-json\/wp\/v2\/product\/6494","targetHints":{"allow":["GET"]}}],"collection":[{"href":"https:\/\/hho-bulgaria.com\/ro\/wp-json\/wp\/v2\/product"}],"about":[{"href":"https:\/\/hho-bulgaria.com\/ro\/wp-json\/wp\/v2\/types\/product"}],"wp:featuredmedia":[{"embeddable":true,"href":"https:\/\/hho-bulgaria.com\/ro\/wp-json\/wp\/v2\/media\/6362"}],"wp:attachment":[{"href":"https:\/\/hho-bulgaria.com\/ro\/wp-json\/wp\/v2\/media?parent=6494"}],"wp:term":[{"taxonomy":"product_brand","embeddable":true,"href":"https:\/\/hho-bulgaria.com\/ro\/wp-json\/wp\/v2\/product_brand?post=6494"},{"taxonomy":"product_cat","embeddable":true,"href":"https:\/\/hho-bulgaria.com\/ro\/wp-json\/wp\/v2\/product_cat?post=6494"},{"taxonomy":"product_tag","embeddable":true,"href":"https:\/\/hho-bulgaria.com\/ro\/wp-json\/wp\/v2\/product_tag?post=6494"}],"curies":[{"name":"wp","href":"https:\/\/api.w.org\/{rel}","templated":true}]}}